{"id":394,"date":"2025-05-12T16:20:57","date_gmt":"2025-05-12T14:20:57","guid":{"rendered":"http:\/\/gaborkovacs.hu\/biography\/"},"modified":"2025-12-09T12:45:35","modified_gmt":"2025-12-09T11:45:35","slug":"biography","status":"publish","type":"page","link":"https:\/\/gaborkovacs.hu\/en\/biography\/","title":{"rendered":"Biography"},"content":{"rendered":"<div data-elementor-type=\"wp-page\" data-elementor-id=\"394\" class=\"elementor elementor-394\">\n\t\t\t\t<div class=\"elementor-element elementor-element-ea58892 e-flex e-con-boxed e-con e-parent\" data-id=\"ea58892\" data-element_type=\"container\">\n\t\t\t\t\t<div class=\"e-con-inner\">\n\t\t<div class=\"elementor-element elementor-element-db15144 e-con-full e-flex e-con e-child\" data-id=\"db15144\" data-element_type=\"container\">\n\t\t\t\t<div class=\"elementor-element elementor-element-2ed3dc3 elementor-widget elementor-widget-heading\" data-id=\"2ed3dc3\" data-element_type=\"widget\" data-widget_type=\"heading.default\">\n\t\t\t\t<div class=\"elementor-widget-container\">\n\t\t\t\t\t<h2 class=\"elementor-heading-title elementor-size-default\">Introduction<\/h2>\t\t\t\t<\/div>\n\t\t\t\t<\/div>\n\t\t<div class=\"elementor-element elementor-element-3ea448e e-con-full e-flex e-con e-child\" data-id=\"3ea448e\" data-element_type=\"container\">\n\t\t<div class=\"elementor-element elementor-element-bd60ffc e-con-full e-flex e-con e-child\" data-id=\"bd60ffc\" data-element_type=\"container\">\n\t\t\t\t<div class=\"elementor-element elementor-element-a822785 elementor-widget elementor-widget-heading\" data-id=\"a822785\" data-element_type=\"widget\" data-widget_type=\"heading.default\">\n\t\t\t\t<div class=\"elementor-widget-container\">\n\t\t\t\t\t<h3 class=\"elementor-heading-title elementor-size-default\">Gabor Kovacs<\/h3>\t\t\t\t<\/div>\n\t\t\t\t<\/div>\n\t\t\t\t<div class=\"elementor-element elementor-element-8a80693 elementor-widget elementor-widget-text-editor\" data-id=\"8a80693\" data-element_type=\"widget\" data-widget_type=\"text-editor.default\">\n\t\t\t\t<div class=\"elementor-widget-container\">\n\t\t\t\t\t\t\t\t\t<h3>Career Path and Studies<\/h3><p>He completed his secondary education <a title=\"S\u00e1rospataki Reform\u00e1tus Koll\u00e9gium Gimn\u00e1ziuma, \u00c1ltal\u00e1nos Iskol\u00e1ja \u00e9s Di\u00e1kotthona\" href=\"https:\/\/hu.wikipedia.org\/wiki\/S%C3%A1rospataki_Reform%C3%A1tus_Koll%C3%A9gium_Gimn%C3%A1ziuma,_%C3%81ltal%C3%A1nos_Iskol%C3%A1ja_%C3%A9s_Di%C3%A1kotthona\">at the Reformed College<\/a>of S\u00e1rospatak. <a title=\"He then\" href=\"https:\/\/hu.wikipedia.org\/wiki\/Miskolci_Egyetem\">He then<\/a> earned his degree in Business Information Technology at the Faculty of Mechanical Engineering and Informatics of the University of Miskolc. <a class=\"external text\" href=\"https:\/\/www.puccinifestival.it\/en\/\" rel=\"nofollow\">After his university studies, he lived in Italy for four years, where he studied classical vocal technique, Italian opera literature, and stage practice. During his stay in Italy, he performed at several prestigious opera festivals, concerts, and theatres, including the Puccini Festival in Torre del Lago,<\/a>the Teatro del Giglio in Lucca, <a class=\"external text\" href=\"https:\/\/www.teatrodelgigliogiacomopuccini.it\/it\/\" rel=\"nofollow\">Teatro del Giglio<\/a> and the Vernazza Opera Festival.<\/p><p>After his studies in Italy, he returned to Hungary and continued <a title=\"his education in solo voice at Partium Christian University.\" href=\"https:\/\/hu.wikipedia.org\/wiki\/Partiumi_Kereszt%C3%A9ny_Egyetem\">his education in solo voice at Partium Christian University.<\/a> He then began working in the Hungarian opera scene. His professional development was supported by several teachers and vocal coaches, including Boldizs\u00e1r Ke\u00f6nch, Massimo Morelli, Berle Sanford Rosenberg, <a title=\"Moln\u00e1r Levente (opera\u00e9nekes)\" href=\"https:\/\/hu.wikipedia.org\/wiki\/Moln%C3%A1r_Levente_(opera%C3%A9nekes)\">and Levente Moln\u00e1r.<\/a><\/p><p>He participated <a title=\"in the classical music\" href=\"https:\/\/hu.wikipedia.org\/wiki\/Virtu%C3%B3zok\">in the classical music<\/a> talent show Virtuosos, where he performed <i><a title=\"Pinkerton\u2019s aria from Puccini\u2019s Madama Butterfly.\" href=\"https:\/\/hu.wikipedia.org\/wiki\/Pillang%C3%B3kisasszony\">Pinkerton\u2019s aria from Puccini\u2019s Madama Butterfly.<\/a><\/i> In the production, he was accompanied on piano by <a class=\"new\" title=\"Massimo Morelli (a lap nem l\u00e9tezik)\" href=\"https:\/\/hu.wikipedia.org\/w\/index.php?title=Massimo_Morelli&amp;action=edit&amp;redlink=1\">Massimo Morelli.<\/a> His appearance on the show contributed to raising his profile among a wider audience.<sup id=\"cite_ref-1\" class=\"reference\"><\/sup><\/p><h3>Musical Versatility and Crossover Activities<\/h3><p>Alongside the classical genre, he is committed to building bridges between different musical styles. He frequently appears in crossover productions that combine elements of classical music with lighter, more popular genres. <sup id=\"cite_ref-4\" class=\"reference\"><\/sup>A notable example is the performance <a title=\"Mah\u00f3 Andrea\" href=\"https:\/\/hu.wikipedia.org\/wiki\/Mah%C3%B3_Andrea\">The Elegance of the Night,<\/a> in <a title=\"Csengeri Attila\" href=\"https:\/\/hu.wikipedia.org\/wiki\/Csengeri_Attila\">which he appears on<\/a> stage together with Andrea Mah\u00f3 and Attila Csengeri. The production blends classical and modern musical elements, placing emphasis on musical elegance and theatrical atmosphere.<\/p><p>Another significant formation in which he takes part is the band <i>F\u00e9nyer\u0151<\/i> where he performs together with Levente Moln\u00e1r. The band\u2019s aim is to place classical vocal technique in a new context and create a unique sound world.<\/p><p>In addition, G\u00e1bor Kov\u00e1cs plays an active role in preserving Hungarian traditional song culture. He is a regular performer <a class=\"external text\" href=\"https:\/\/www.facebook.com\/p\/Debreceni-Magyarn%C3%B3ta-Egyes%C3%BClet-100063645634415\/\" rel=\"nofollow\">at the events of the Debrecen Hungarian Song Association,<\/a> <a class=\"external text\" href=\"https:\/\/www.facebook.com\/p\/Debreceni-Magyarn%C3%B3ta-Egyes%C3%BClet-100063645634415\/\" rel=\"nofollow\">where he evokes the world<\/a> of operetta <a class=\"external text\" href=\"https:\/\/www.facebook.com\/zoltan.balogh.583\/?locale=hu_HU\" rel=\"nofollow\">and traditional Hungarian music<\/a> together with lead violinist <a title=\"Operett\" href=\"https:\/\/hu.wikipedia.org\/wiki\/Operett\">Zolt\u00e1n<\/a> Miskolci Balogh and his orchestra.<\/p>\t\t\t\t\t\t\t\t<\/div>\n\t\t\t\t<\/div>\n\t\t\t\t<div class=\"elementor-element elementor-element-f0ba2fe elementor-widget elementor-widget-video\" data-id=\"f0ba2fe\" data-element_type=\"widget\" data-settings=\"{&quot;youtube_url&quot;:&quot;https:\\\/\\\/www.youtube.com\\\/watch?v=ys83jffSkKw&quot;,&quot;video_type&quot;:&quot;youtube&quot;,&quot;controls&quot;:&quot;yes&quot;}\" data-widget_type=\"video.default\">\n\t\t\t\t<div class=\"elementor-widget-container\">\n\t\t\t\t\t\t\t<div class=\"elementor-wrapper elementor-open-inline\">\n\t\t\t<div class=\"elementor-video\"><\/div>\t\t<\/div>\n\t\t\t\t\t\t<\/div>\n\t\t\t\t<\/div>\n\t\t\t\t<\/div>\n\t\t\t\t<\/div>\n\t\t\t\t<\/div>\n\t\t\t\t\t<\/div>\n\t\t\t\t<\/div>\n\t\t<div class=\"elementor-element elementor-element-af92336 e-con-full e-flex e-con e-parent\" data-id=\"af92336\" data-element_type=\"container\">\n\t\t<div class=\"elementor-element elementor-element-5489be1 e-con-full e-flex e-con e-child\" data-id=\"5489be1\" data-element_type=\"container\">\n\t\t\t\t<div class=\"elementor-element elementor-element-b48c0c9 elementor-widget elementor-widget-image\" data-id=\"b48c0c9\" data-element_type=\"widget\" data-widget_type=\"image.default\">\n\t\t\t\t<div class=\"elementor-widget-container\">\n\t\t\t\t\t\t\t\t\t\t\t\t\t\t\t<img fetchpriority=\"high\" decoding=\"async\" width=\"1560\" height=\"1040\" src=\"https:\/\/gaborkovacs.hu\/wp-content\/uploads\/2025\/05\/1.jpg\" class=\"attachment-full size-full wp-image-1050\" alt=\"\" srcset=\"https:\/\/gaborkovacs.hu\/wp-content\/uploads\/2025\/05\/1.jpg 1560w, https:\/\/gaborkovacs.hu\/wp-content\/uploads\/2025\/05\/1-300x200.jpg 300w, https:\/\/gaborkovacs.hu\/wp-content\/uploads\/2025\/05\/1-1024x683.jpg 1024w, https:\/\/gaborkovacs.hu\/wp-content\/uploads\/2025\/05\/1-768x512.jpg 768w, https:\/\/gaborkovacs.hu\/wp-content\/uploads\/2025\/05\/1-1536x1024.jpg 1536w\" sizes=\"(max-width: 1560px) 100vw, 1560px\" \/>\t\t\t\t\t\t\t\t\t\t\t\t\t\t\t<\/div>\n\t\t\t\t<\/div>\n\t\t\t\t<\/div>\n\t\t<div class=\"elementor-element elementor-element-c5decb6 e-con-full e-flex e-con e-child\" data-id=\"c5decb6\" data-element_type=\"container\">\n\t\t\t\t<div class=\"elementor-element elementor-element-2c56724 elementor-widget elementor-widget-image\" data-id=\"2c56724\" data-element_type=\"widget\" data-widget_type=\"image.default\">\n\t\t\t\t<div class=\"elementor-widget-container\">\n\t\t\t\t\t\t\t\t\t\t\t\t\t\t\t<img decoding=\"async\" width=\"1560\" height=\"1040\" src=\"https:\/\/gaborkovacs.hu\/wp-content\/uploads\/2025\/05\/492748775_1343680353936003_8313514184464691114_n.png\" class=\"attachment-full size-full wp-image-1053\" alt=\"\" srcset=\"https:\/\/gaborkovacs.hu\/wp-content\/uploads\/2025\/05\/492748775_1343680353936003_8313514184464691114_n.png 1560w, https:\/\/gaborkovacs.hu\/wp-content\/uploads\/2025\/05\/492748775_1343680353936003_8313514184464691114_n-300x200.png 300w, https:\/\/gaborkovacs.hu\/wp-content\/uploads\/2025\/05\/492748775_1343680353936003_8313514184464691114_n-1024x683.png 1024w, https:\/\/gaborkovacs.hu\/wp-content\/uploads\/2025\/05\/492748775_1343680353936003_8313514184464691114_n-768x512.png 768w, https:\/\/gaborkovacs.hu\/wp-content\/uploads\/2025\/05\/492748775_1343680353936003_8313514184464691114_n-1536x1024.png 1536w\" sizes=\"(max-width: 1560px) 100vw, 1560px\" \/>\t\t\t\t\t\t\t\t\t\t\t\t\t\t\t<\/div>\n\t\t\t\t<\/div>\n\t\t\t\t<\/div>\n\t\t<div class=\"elementor-element elementor-element-9a7a975 e-con-full e-flex e-con e-child\" data-id=\"9a7a975\" data-element_type=\"container\">\n\t\t\t\t<div class=\"elementor-element elementor-element-a05e385 elementor-widget elementor-widget-image\" data-id=\"a05e385\" data-element_type=\"widget\" data-widget_type=\"image.default\">\n\t\t\t\t<div class=\"elementor-widget-container\">\n\t\t\t\t\t\t\t\t\t\t\t\t\t\t\t<img decoding=\"async\" width=\"2048\" height=\"1365\" src=\"https:\/\/gaborkovacs.hu\/wp-content\/uploads\/2025\/12\/magakoncert.jpg\" class=\"attachment-full size-full wp-image-1221\" alt=\"\" srcset=\"https:\/\/gaborkovacs.hu\/wp-content\/uploads\/2025\/12\/magakoncert.jpg 2048w, https:\/\/gaborkovacs.hu\/wp-content\/uploads\/2025\/12\/magakoncert-300x200.jpg 300w, https:\/\/gaborkovacs.hu\/wp-content\/uploads\/2025\/12\/magakoncert-1024x683.jpg 1024w, https:\/\/gaborkovacs.hu\/wp-content\/uploads\/2025\/12\/magakoncert-768x512.jpg 768w, https:\/\/gaborkovacs.hu\/wp-content\/uploads\/2025\/12\/magakoncert-1536x1024.jpg 1536w, https:\/\/gaborkovacs.hu\/wp-content\/uploads\/2025\/12\/magakoncert-18x12.jpg 18w\" sizes=\"(max-width: 2048px) 100vw, 2048px\" \/>\t\t\t\t\t\t\t\t\t\t\t\t\t\t\t<\/div>\n\t\t\t\t<\/div>\n\t\t\t\t<\/div>\n\t\t<div class=\"elementor-element elementor-element-f02e3d3 e-con-full e-flex e-con e-child\" data-id=\"f02e3d3\" data-element_type=\"container\">\n\t\t\t\t<div class=\"elementor-element elementor-element-243c3c6 elementor-widget elementor-widget-image\" data-id=\"243c3c6\" data-element_type=\"widget\" data-widget_type=\"image.default\">\n\t\t\t\t<div class=\"elementor-widget-container\">\n\t\t\t\t\t\t\t\t\t\t\t\t\t\t\t<img loading=\"lazy\" decoding=\"async\" width=\"1280\" height=\"914\" src=\"https:\/\/gaborkovacs.hu\/wp-content\/uploads\/2025\/05\/3.jpg\" class=\"attachment-full size-full wp-image-1054\" alt=\"\" srcset=\"https:\/\/gaborkovacs.hu\/wp-content\/uploads\/2025\/05\/3.jpg 1280w, https:\/\/gaborkovacs.hu\/wp-content\/uploads\/2025\/05\/3-300x214.jpg 300w, https:\/\/gaborkovacs.hu\/wp-content\/uploads\/2025\/05\/3-1024x731.jpg 1024w, https:\/\/gaborkovacs.hu\/wp-content\/uploads\/2025\/05\/3-768x548.jpg 768w\" sizes=\"(max-width: 1280px) 100vw, 1280px\" \/>\t\t\t\t\t\t\t\t\t\t\t\t\t\t\t<\/div>\n\t\t\t\t<\/div>\n\t\t\t\t<\/div>\n\t\t<div class=\"elementor-element elementor-element-152824e e-con-full e-flex e-con e-child\" data-id=\"152824e\" data-element_type=\"container\">\n\t\t\t\t<div class=\"elementor-element elementor-element-42c5dfc elementor-widget elementor-widget-image\" data-id=\"42c5dfc\" data-element_type=\"widget\" data-widget_type=\"image.default\">\n\t\t\t\t<div class=\"elementor-widget-container\">\n\t\t\t\t\t\t\t\t\t\t\t\t\t\t\t<img loading=\"lazy\" decoding=\"async\" width=\"1439\" height=\"960\" src=\"https:\/\/gaborkovacs.hu\/wp-content\/uploads\/2025\/05\/4.jpg\" class=\"attachment-full size-full wp-image-1055\" alt=\"\" srcset=\"https:\/\/gaborkovacs.hu\/wp-content\/uploads\/2025\/05\/4.jpg 1439w, https:\/\/gaborkovacs.hu\/wp-content\/uploads\/2025\/05\/4-300x200.jpg 300w, https:\/\/gaborkovacs.hu\/wp-content\/uploads\/2025\/05\/4-1024x683.jpg 1024w, https:\/\/gaborkovacs.hu\/wp-content\/uploads\/2025\/05\/4-768x512.jpg 768w\" sizes=\"(max-width: 1439px) 100vw, 1439px\" \/>\t\t\t\t\t\t\t\t\t\t\t\t\t\t\t<\/div>\n\t\t\t\t<\/div>\n\t\t\t\t<\/div>\n\t\t\t\t<\/div>\n\t\t<div class=\"elementor-element elementor-element-f27c94c e-flex e-con-boxed e-con e-parent\" data-id=\"f27c94c\" data-element_type=\"container\">\n\t\t\t\t\t<div class=\"e-con-inner\">\n\t\t<div class=\"elementor-element elementor-element-6ddefce e-con-full e-flex e-con e-child\" data-id=\"6ddefce\" data-element_type=\"container\">\n\t\t\t\t<div class=\"elementor-element elementor-element-394e0f4 elementor-widget elementor-widget-heading\" data-id=\"394e0f4\" data-element_type=\"widget\" data-widget_type=\"heading.default\">\n\t\t\t\t<div class=\"elementor-widget-container\">\n\t\t\t\t\t<h2 class=\"elementor-heading-title elementor-size-default\">Awards and Recognitions<\/h2>\t\t\t\t<\/div>\n\t\t\t\t<\/div>\n\t\t\t\t<div class=\"elementor-element elementor-element-5173ec0 elementor-widget elementor-widget-text-editor\" data-id=\"5173ec0\" data-element_type=\"widget\" data-widget_type=\"text-editor.default\">\n\t\t\t\t<div class=\"elementor-widget-container\">\n\t\t\t\t\t\t\t\t\t<p>In 2024, <a class=\"external text\" href=\"http:\/\/musicumlaude.hu\/\" rel=\"nofollow\">he received the Musicum Laude<\/a> Special Prize<sup id=\"cite_ref-2\" class=\"reference\"><\/sup><sup id=\"cite_ref-3\" class=\"reference\"><\/sup> at an international singing competition. Throughout his career, he has participated in several national and international singing competitions and music festivals.<\/p>\t\t\t\t\t\t\t\t<\/div>\n\t\t\t\t<\/div>\n\t\t\t\t<div class=\"elementor-element elementor-element-b1d5c6b elementor-widget elementor-widget-image\" data-id=\"b1d5c6b\" data-element_type=\"widget\" data-widget_type=\"image.default\">\n\t\t\t\t<div class=\"elementor-widget-container\">\n\t\t\t\t\t\t\t\t\t\t\t\t\t\t\t<img loading=\"lazy\" decoding=\"async\" width=\"768\" height=\"512\" src=\"https:\/\/gaborkovacs.hu\/wp-content\/uploads\/2025\/12\/IMG_5391-768x512.jpg\" class=\"attachment-medium_large size-medium_large wp-image-1188\" alt=\"\" srcset=\"https:\/\/gaborkovacs.hu\/wp-content\/uploads\/2025\/12\/IMG_5391-768x512.jpg 768w, https:\/\/gaborkovacs.hu\/wp-content\/uploads\/2025\/12\/IMG_5391-300x200.jpg 300w, https:\/\/gaborkovacs.hu\/wp-content\/uploads\/2025\/12\/IMG_5391-18x12.jpg 18w, https:\/\/gaborkovacs.hu\/wp-content\/uploads\/2025\/12\/IMG_5391.jpg 960w\" sizes=\"(max-width: 768px) 100vw, 768px\" \/>\t\t\t\t\t\t\t\t\t\t\t\t\t\t\t<\/div>\n\t\t\t\t<\/div>\n\t\t\t\t<\/div>\n\t\t\t\t\t<\/div>\n\t\t\t\t<\/div>\n\t\t\t\t<\/div>","protected":false},"excerpt":{"rendered":"<p>Bemutatkoz\u00e1s Kov\u00e1cs G\u00e1bor \u00c9let\u00fat \u00e9s tanulm\u00e1nyok K\u00f6z\u00e9piskolai tanulm\u00e1nyait a S\u00e1rospataki Reform\u00e1tus Koll\u00e9gium Gimn\u00e1zium\u00e1ban v\u00e9gezte. Ezt k\u00f6vet\u0151en a Miskolci Egyetem G\u00e9p\u00e9szm\u00e9rn\u00f6ki \u00e9s Informatikai Kar\u00e1n szerzett diplom\u00e1t gazdas\u00e1ginformatika szakon. Fels\u0151fok\u00fa tanulm\u00e1nyai ut\u00e1n n\u00e9gy \u00e9vig Olaszorsz\u00e1gban \u00e9lt, ahol klasszikus \u00e9nektechnik\u00e1t, olasz operairodalmat \u00e9s sz\u00ednpadi gyakorlatot tanult. Olaszorsz\u00e1gi tart\u00f3zkod\u00e1sa alatt t\u00f6bb rangos operafesztiv\u00e1lon, koncerten \u00e9s sz\u00ednh\u00e1zban is fell\u00e9pett, k\u00f6zt\u00fck [&hellip;]<\/p>","protected":false},"author":1,"featured_media":0,"parent":0,"menu_order":0,"comment_status":"closed","ping_status":"closed","template":"","meta":{"site-sidebar-layout":"no-sidebar","site-content-layout":"page-builder","ast-site-content-layout":"","site-content-style":"default","site-sidebar-style":"default","ast-global-header-display":"","ast-banner-title-visibility":"","ast-main-header-display":"","ast-hfb-above-header-display":"","ast-hfb-below-header-display":"","ast-hfb-mobile-header-display":"","site-post-title":"disabled","ast-breadcrumbs-content":"disabled","ast-featured-img":"disabled","footer-sml-layout":"","theme-transparent-header-meta":"enabled","adv-header-id-meta":"","stick-header-meta":"","header-above-stick-meta":"","header-main-stick-meta":"","header-below-stick-meta":"","astra-migrate-meta-layouts":"default","ast-page-background-enabled":"default","ast-page-background-meta":{"desktop":{"background-color":"","background-image":"","background-repeat":"repeat","background-position":"center center","background-size":"auto","background-attachment":"scroll","background-type":"","background-media":"","overlay-type":"","overlay-color":"","overlay-opacity":"","overlay-gradient":""},"tablet":{"background-color":"","background-image":"","background-repeat":"repeat","background-position":"center center","background-size":"auto","background-attachment":"scroll","background-type":"","background-media":"","overlay-type":"","overlay-color":"","overlay-opacity":"","overlay-gradient":""},"mobile":{"background-color":"","background-image":"","background-repeat":"repeat","background-position":"center center","background-size":"auto","background-attachment":"scroll","background-type":"","background-media":"","overlay-type":"","overlay-color":"","overlay-opacity":"","overlay-gradient":""}},"ast-content-background-meta":{"desktop":{"background-color":"var(--ast-global-color-5)","background-image":"","background-repeat":"repeat","background-position":"center center","background-size":"auto","background-attachment":"scroll","background-type":"","background-media":"","overlay-type":"","overlay-color":"","overlay-opacity":"","overlay-gradient":""},"tablet":{"background-color":"var(--ast-global-color-5)","background-image":"","background-repeat":"repeat","background-position":"center center","background-size":"auto","background-attachment":"scroll","background-type":"","background-media":"","overlay-type":"","overlay-color":"","overlay-opacity":"","overlay-gradient":""},"mobile":{"background-color":"var(--ast-global-color-5)","background-image":"","background-repeat":"repeat","background-position":"center center","background-size":"auto","background-attachment":"scroll","background-type":"","background-media":"","overlay-type":"","overlay-color":"","overlay-opacity":"","overlay-gradient":""}},"footnotes":""},"class_list":["post-394","page","type-page","status-publish","hentry"],"_links":{"self":[{"href":"https:\/\/gaborkovacs.hu\/en\/wp-json\/wp\/v2\/pages\/394","targetHints":{"allow":["GET"]}}],"collection":[{"href":"https:\/\/gaborkovacs.hu\/en\/wp-json\/wp\/v2\/pages"}],"about":[{"href":"https:\/\/gaborkovacs.hu\/en\/wp-json\/wp\/v2\/types\/page"}],"author":[{"embeddable":true,"href":"https:\/\/gaborkovacs.hu\/en\/wp-json\/wp\/v2\/users\/1"}],"replies":[{"embeddable":true,"href":"https:\/\/gaborkovacs.hu\/en\/wp-json\/wp\/v2\/comments?post=394"}],"version-history":[{"count":39,"href":"https:\/\/gaborkovacs.hu\/en\/wp-json\/wp\/v2\/pages\/394\/revisions"}],"predecessor-version":[{"id":1243,"href":"https:\/\/gaborkovacs.hu\/en\/wp-json\/wp\/v2\/pages\/394\/revisions\/1243"}],"wp:attachment":[{"href":"https:\/\/gaborkovacs.hu\/en\/wp-json\/wp\/v2\/media?parent=394"}],"curies":[{"name":"wp","href":"https:\/\/api.w.org\/{rel}","templated":true}]}}